{"id":544,"date":"2024-02-24T17:47:51","date_gmt":"2024-02-24T17:47:51","guid":{"rendered":"https:\/\/phishbite.wpenginepowered.com\/?page_id=544"},"modified":"2024-04-03T08:43:17","modified_gmt":"2024-04-03T08:43:17","slug":"phishbite-kupsiste-kasutamise-pohimotted","status":"publish","type":"page","link":"https:\/\/phishbite.com\/et\/phishbite-kupsiste-kasutamise-pohimotted\/","title":{"rendered":"Phishbite k\u00fcpsiste kasutamise p\u00f5him\u00f5tted"},"content":{"rendered":"\n<h3 class=\"wp-block-heading\">1. Mis on k\u00fcpsised?\u00a0<\/h3>\n\n\n\n<p>K\u00fcpsis on tekstifail, mis salvestatakse veebisaidi k\u00fclastamisel Teie seadme brauserisse.&nbsp;<\/p>\n\n\n\n<h3 class=\"wp-block-heading\">2. Milliseid k\u00fcpsiseid Phishbite kasutab?\u00a0<\/h3>\n\n\n\n<p>Phishbite veebilehel kasutame sessioonik\u00fcpsiseid ja p\u00fcsivaid k\u00fcpsiseid. Seansik\u00fcpsised kaovad, kui kasutava veebilehelt lahkub. P\u00fcsivad k\u00fcpsised j\u00e4\u00e4vad p\u00fcsivalt k\u00fcpsiste faili.&nbsp;<\/p>\n\n\n\n<h3 class=\"wp-block-heading\">3. Mis eesm\u00e4rgil Phishbite k\u00fcpsiseid kasutab?\u00a0<\/h3>\n\n\n\n<p>Phishbite O\u00dc kasutab veebilehel k\u00fcpsiseid j\u00e4rgnevatel eesm\u00e4rkidel:&nbsp;<\/p>\n\n\n\n<ul class=\"wp-block-list\">\n<li>Veebilehtede sujuvaks toimimiseks ja teenuse osutamiseks;&nbsp;<\/li>\n\n\n\n<li>Veebilehtede kasutajamugavuse ja ligip\u00e4\u00e4setavuse t\u00f5stmiseks;&nbsp;<\/li>\n\n\n\n<li>Statistika ja turunduse eesm\u00e4rgil;&nbsp;<\/li>\n\n\n\n<li>Teenuse parema toimimise eesm\u00e4rgil;&nbsp;<\/li>\n<\/ul>\n\n\n\n<h3 class=\"wp-block-heading\">4. Millisel \u00f5iguslikul alusel Phishbite k\u00fcpsiseid kasutab?\u00a0\u00a0<\/h3>\n\n\n\n<p>Phishbite O\u00dc t\u00f6\u00f6tleb k\u00fcpsiste kasutamiseks isikuandmeid, kas n\u00f5usoleku alusel, p\u00f5hjusel, et t\u00f6\u00f6tlus on lepingu t\u00e4itmiseks vajalik v\u00f5i \u00f5igustatud huvi alusel.&nbsp;&nbsp;<\/p>\n\n\n\n<h3 class=\"wp-block-heading\">5. Milliseid kolmandaid isikuid Phishbite O\u00dc k\u00fcpsiste t\u00f6\u00f6tlemiseks kasutab?\u00a0<\/h3>\n\n\n\n<p>Phishbite kasutab k\u00fcpsiste t\u00f6\u00f6tlemiseks j\u00e4rgmiseid kolmandaid isikuid:&nbsp;<\/p>\n\n\n\n<p>Zone \u2013 veebilehe majutust&nbsp;<\/p>\n\n\n\n<p>Google \u2013 veebilehe kasutusstatistika anal\u00fc\u00fcsi&nbsp;<\/p>\n\n\n\n<h3 class=\"wp-block-heading\">6. Kas saan kuidagi k\u00fcpsised t\u00e4iesti keelata?\u00a0<\/h3>\n\n\n\n<p>Sellel veebisaidil kasutatavaid k\u00fcpsiseid saab brauseris lubada v\u00f5i keelata.\u202f&nbsp;<br>K\u00fcpsise v\u00f5i k\u00fcpsisekategooria keelamine ei kustuta automaatselt k\u00fcpsist Teie brauserist.&nbsp;<br>\u202f&nbsp;<br>Juhised k\u00fcpsiste haldamiseks:\u202f<a href=\"https:\/\/support.google.com\/chrome\/answer\/95647?hl=et\" target=\"_blank\" rel=\"noreferrer noopener\">Chrome<\/a>,\u202f<a href=\"https:\/\/support.microsoft.com\/et-ee\/help\/17442\/windows-internet-explorer-delete-manage-cookies\" target=\"_blank\" rel=\"noreferrer noopener\">Internet Explorer<\/a>,\u202f<a href=\"https:\/\/support.microsoft.com\/et-ee\/help\/4027947\/microsoft-edge-delete-cookies\" target=\"_blank\" rel=\"noreferrer noopener\">Edge<\/a>&nbsp;<\/p>\n","protected":false},"excerpt":{"rendered":"<p>Viimati uuendatud: Aprill 02, 2024<\/p>\n","protected":false},"author":3,"featured_media":0,"parent":0,"menu_order":0,"comment_status":"closed","ping_status":"open","template":"","meta":{"footnotes":""},"class_list":["post-544","page","type-page","status-publish","hentry"],"yoast_head":"<!-- This site is optimized with the Yoast SEO plugin v27.4 - https:\/\/yoast.com\/product\/yoast-seo-wordpress\/ -->\n<title>Phishbite k\u00fcpsiste kasutamise p\u00f5him\u00f5tted - Phishbite<\/title>\n<meta name=\"robots\" content=\"index, follow, max-snippet:-1, max-image-preview:large, max-video-preview:-1\" \/>\n<link rel=\"canonical\" href=\"https:\/\/phishbite.com\/et\/phishbite-kupsiste-kasutamise-pohimotted\/\" \/>\n<meta property=\"og:locale\" content=\"et_EE\" \/>\n<meta property=\"og:type\" content=\"article\" \/>\n<meta property=\"og:title\" content=\"Phishbite k\u00fcpsiste kasutamise p\u00f5him\u00f5tted - Phishbite\" \/>\n<meta property=\"og:description\" content=\"Viimati uuendatud: Aprill 02, 2024\" \/>\n<meta property=\"og:url\" content=\"https:\/\/phishbite.com\/et\/phishbite-kupsiste-kasutamise-pohimotted\/\" \/>\n<meta property=\"og:site_name\" content=\"Phishbite\" \/>\n<meta property=\"article:modified_time\" content=\"2024-04-03T08:43:17+00:00\" \/>\n<meta property=\"og:image\" content=\"https:\/\/phishbite.com\/wp-content\/uploads\/2024\/04\/phishbite-site-image.jpg\" \/>\n\t<meta property=\"og:image:width\" content=\"1200\" \/>\n\t<meta property=\"og:image:height\" content=\"675\" \/>\n\t<meta property=\"og:image:type\" content=\"image\/jpeg\" \/>\n<meta name=\"twitter:card\" content=\"summary_large_image\" \/>\n<meta name=\"twitter:label1\" content=\"Est. reading time\" \/>\n\t<meta name=\"twitter:data1\" content=\"1 minut\" \/>\n<script type=\"application\/ld+json\" class=\"yoast-schema-graph\">{\"@context\":\"https:\\\/\\\/schema.org\",\"@graph\":[{\"@type\":\"WebPage\",\"@id\":\"https:\\\/\\\/phishbite.com\\\/et\\\/phishbite-kupsiste-kasutamise-pohimotted\\\/\",\"url\":\"https:\\\/\\\/phishbite.com\\\/et\\\/phishbite-kupsiste-kasutamise-pohimotted\\\/\",\"name\":\"Phishbite k\u00fcpsiste kasutamise p\u00f5him\u00f5tted - Phishbite\",\"isPartOf\":{\"@id\":\"https:\\\/\\\/phishbite.com\\\/et\\\/#website\"},\"datePublished\":\"2024-02-24T17:47:51+00:00\",\"dateModified\":\"2024-04-03T08:43:17+00:00\",\"breadcrumb\":{\"@id\":\"https:\\\/\\\/phishbite.com\\\/et\\\/phishbite-kupsiste-kasutamise-pohimotted\\\/#breadcrumb\"},\"inLanguage\":\"et\",\"potentialAction\":[{\"@type\":\"ReadAction\",\"target\":[\"https:\\\/\\\/phishbite.com\\\/et\\\/phishbite-kupsiste-kasutamise-pohimotted\\\/\"]}]},{\"@type\":\"BreadcrumbList\",\"@id\":\"https:\\\/\\\/phishbite.com\\\/et\\\/phishbite-kupsiste-kasutamise-pohimotted\\\/#breadcrumb\",\"itemListElement\":[{\"@type\":\"ListItem\",\"position\":1,\"name\":\"Home\",\"item\":\"https:\\\/\\\/phishbite.com\\\/et\\\/\"},{\"@type\":\"ListItem\",\"position\":2,\"name\":\"Phishbite k\u00fcpsiste kasutamise p\u00f5him\u00f5tted\"}]},{\"@type\":\"WebSite\",\"@id\":\"https:\\\/\\\/phishbite.com\\\/et\\\/#website\",\"url\":\"https:\\\/\\\/phishbite.com\\\/et\\\/\",\"name\":\"Phishbite\",\"description\":\"\",\"potentialAction\":[{\"@type\":\"SearchAction\",\"target\":{\"@type\":\"EntryPoint\",\"urlTemplate\":\"https:\\\/\\\/phishbite.com\\\/et\\\/?s={search_term_string}\"},\"query-input\":{\"@type\":\"PropertyValueSpecification\",\"valueRequired\":true,\"valueName\":\"search_term_string\"}}],\"inLanguage\":\"et\"}]}<\/script>\n<!-- \/ Yoast SEO plugin. -->","yoast_head_json":{"title":"Phishbite k\u00fcpsiste kasutamise p\u00f5him\u00f5tted - Phishbite","robots":{"index":"index","follow":"follow","max-snippet":"max-snippet:-1","max-image-preview":"max-image-preview:large","max-video-preview":"max-video-preview:-1"},"canonical":"https:\/\/phishbite.com\/et\/phishbite-kupsiste-kasutamise-pohimotted\/","og_locale":"et_EE","og_type":"article","og_title":"Phishbite k\u00fcpsiste kasutamise p\u00f5him\u00f5tted - Phishbite","og_description":"Viimati uuendatud: Aprill 02, 2024","og_url":"https:\/\/phishbite.com\/et\/phishbite-kupsiste-kasutamise-pohimotted\/","og_site_name":"Phishbite","article_modified_time":"2024-04-03T08:43:17+00:00","og_image":[{"width":1200,"height":675,"url":"https:\/\/phishbite.com\/wp-content\/uploads\/2024\/04\/phishbite-site-image.jpg","type":"image\/jpeg"}],"twitter_card":"summary_large_image","twitter_misc":{"Est. reading time":"1 minut"},"schema":{"@context":"https:\/\/schema.org","@graph":[{"@type":"WebPage","@id":"https:\/\/phishbite.com\/et\/phishbite-kupsiste-kasutamise-pohimotted\/","url":"https:\/\/phishbite.com\/et\/phishbite-kupsiste-kasutamise-pohimotted\/","name":"Phishbite k\u00fcpsiste kasutamise p\u00f5him\u00f5tted - Phishbite","isPartOf":{"@id":"https:\/\/phishbite.com\/et\/#website"},"datePublished":"2024-02-24T17:47:51+00:00","dateModified":"2024-04-03T08:43:17+00:00","breadcrumb":{"@id":"https:\/\/phishbite.com\/et\/phishbite-kupsiste-kasutamise-pohimotted\/#breadcrumb"},"inLanguage":"et","potentialAction":[{"@type":"ReadAction","target":["https:\/\/phishbite.com\/et\/phishbite-kupsiste-kasutamise-pohimotted\/"]}]},{"@type":"BreadcrumbList","@id":"https:\/\/phishbite.com\/et\/phishbite-kupsiste-kasutamise-pohimotted\/#breadcrumb","itemListElement":[{"@type":"ListItem","position":1,"name":"Home","item":"https:\/\/phishbite.com\/et\/"},{"@type":"ListItem","position":2,"name":"Phishbite k\u00fcpsiste kasutamise p\u00f5him\u00f5tted"}]},{"@type":"WebSite","@id":"https:\/\/phishbite.com\/et\/#website","url":"https:\/\/phishbite.com\/et\/","name":"Phishbite","description":"","potentialAction":[{"@type":"SearchAction","target":{"@type":"EntryPoint","urlTemplate":"https:\/\/phishbite.com\/et\/?s={search_term_string}"},"query-input":{"@type":"PropertyValueSpecification","valueRequired":true,"valueName":"search_term_string"}}],"inLanguage":"et"}]}},"_links":{"self":[{"href":"https:\/\/phishbite.com\/et\/wp-json\/wp\/v2\/pages\/544","targetHints":{"allow":["GET"]}}],"collection":[{"href":"https:\/\/phishbite.com\/et\/wp-json\/wp\/v2\/pages"}],"about":[{"href":"https:\/\/phishbite.com\/et\/wp-json\/wp\/v2\/types\/page"}],"author":[{"embeddable":true,"href":"https:\/\/phishbite.com\/et\/wp-json\/wp\/v2\/users\/3"}],"replies":[{"embeddable":true,"href":"https:\/\/phishbite.com\/et\/wp-json\/wp\/v2\/comments?post=544"}],"version-history":[{"count":1,"href":"https:\/\/phishbite.com\/et\/wp-json\/wp\/v2\/pages\/544\/revisions"}],"predecessor-version":[{"id":631,"href":"https:\/\/phishbite.com\/et\/wp-json\/wp\/v2\/pages\/544\/revisions\/631"}],"wp:attachment":[{"href":"https:\/\/phishbite.com\/et\/wp-json\/wp\/v2\/media?parent=544"}],"curies":[{"name":"wp","href":"https:\/\/api.w.org\/{rel}","templated":true}]}}