{"id":546,"date":"2024-03-31T05:06:26","date_gmt":"2024-03-31T05:06:26","guid":{"rendered":"https:\/\/phishbite.wpenginepowered.com\/?page_id=546"},"modified":"2024-04-30T09:31:18","modified_gmt":"2024-04-30T09:31:18","slug":"teenuse-kasutamise-tingimused","status":"publish","type":"page","link":"https:\/\/phishbite.com\/et\/teenuse-kasutamise-tingimused\/","title":{"rendered":"Teenuse kasutamise \u00fcldtingimused"},"content":{"rendered":"\n<p>&nbsp;<\/p>\n\n\n\n<h3 class=\"wp-block-heading\">1. M\u00f5isted:&nbsp;<\/h3>\n\n\n\n<figure class=\"wp-block-table\"><table><tbody><tr><td><strong>Teenusepakkuja<\/strong>&nbsp;<\/td><td>Phishbite O\u00dc, kes osutab vastavalt k\u00e4esolevas lepingus s\u00e4testatule Kliendile Teenust.&nbsp;<\/td><\/tr><tr><td><strong>Klient<\/strong>&nbsp;<\/td><td>Juriidiline isik, kellele Teenusepakkuja hakkab k\u00e4esoleva lepingu alusel teenuseid osutama.&nbsp;<\/td><\/tr><tr><td><strong>Kliendileping<\/strong>&nbsp;<strong><\/strong>&nbsp;<\/td><td>K\u00e4esolev leping, mis koosneb Teenuse kasutamise \u00fcldtingimustest, Hinnakirjast ning muudatustest.&nbsp;<\/td><\/tr><tr><td><strong>Teenus<\/strong>&nbsp;<strong><\/strong>&nbsp;<\/td><td>Teenuse kasutamise \u00fcldtingimuste punktis 3 kirjeldatud teenus, mida Teenusepakkuja osutab Kliendile.&nbsp;&nbsp;&nbsp;<\/td><\/tr><tr><td><strong>Pooled<\/strong>&nbsp;<\/td><td>Teenusepakkuja ja Klient&nbsp;<\/td><\/tr><tr><td><strong>T\u00f6\u00f6taja<\/strong>&nbsp;<\/td><td>Kliendi t\u00f6\u00f6tajad, kelle andmed on Kliendi poolt Teenusepakkujale edastanud ning kelle suhtes Teenusepakkuja Teenust osutab.&nbsp;&nbsp;<\/td><\/tr><tr><td><strong>Kolmas isik<\/strong>&nbsp;<\/td><td>Juriidiline v\u00f5i f\u00fc\u00fcsiline isik, kes ei ole k\u00e4esoleva lepingu Pooleks v\u00f5i lepingu Poole t\u00f6\u00f6taja.&nbsp;<\/td><\/tr><tr><td><strong>Teenuse kasutamise \u00fcldtingimused<\/strong>&nbsp;<\/td><td>K\u00e4esolev dokument, milles s\u00e4testatakse Teenuse kasutamise tingimused.&nbsp;<\/td><\/tr><tr><td><strong>Hinnakiri<\/strong>&nbsp;<\/td><td colspan=\"2\">Kliendilepingu osa, kus s\u00e4testatakse hinnad vastavalt teenuse T\u00f6\u00f6tajate arvule.&nbsp;<\/td><\/tr><\/tbody><\/table><\/figure>\n\n\n\n<h3 class=\"wp-block-heading\">2. \u00dcldine&nbsp;<\/h3>\n\n\n\n<p>2.1. Teenusepakkuja ja Klient s\u00f5lmivad Teenuse kasutamiseks k\u00e4esoleva Kliendilepingu.&nbsp;<\/p>\n\n\n\n<p>2.2. Teenusepakkuja alustab teenuse osutamisega 5 t\u00f6\u00f6p\u00e4eva jooksul alates hetkest, kui Klient teavitab punktis 5 ettevalmistavate tegevuste l\u00f5pule viimisest.&nbsp;&nbsp;<\/p>\n\n\n\n<h3 class=\"wp-block-heading\">3. Teenuse kirjeldus&nbsp;<\/h3>\n\n\n\n<p>3.1. Teenusepakkuja viib l\u00e4bi \u00f5ngitsussimulatsioone Kliendi T\u00f6\u00f6tajate peal, et testida ning harida T\u00f6\u00f6tajaid ning anda Kliendile tagasisidet tema organisatsiooni T\u00f6\u00f6tajate k\u00fcberturvalisuse teadlikkuse seisu kohta.&nbsp;<\/p>\n\n\n\n<p>3.2. Teenusepakkuja kasutab teenuse osutamiseks punktis 13 s\u00e4testatud T\u00f6\u00f6taja isikuandmeid.&nbsp;<\/p>\n\n\n\n<p>3.3. Teenusepakkuja v\u00f5ib kasutada teenuse osutamiseks avalikult k\u00e4ttesaadavaid andmeid Kliendi kohta.&nbsp;&nbsp;<\/p>\n\n\n\n<h3 class=\"wp-block-heading\">4. Teenuse kasutamine&nbsp;<\/h3>\n\n\n\n<p>4.1. Klient on teadlik, et Teenusepakkuja edastab kliendi t\u00f6\u00f6tajate e-posti aadressidele andmep\u00fc\u00fcki imiteerivaid e-kirju, et testida nende turvateadlikkust.&nbsp;<\/p>\n\n\n\n<p>4.2. Klient kinnitab, et kasutab teenust vaid T\u00f6\u00f6tajate suhtes ja ta ei kasuta Teenust \u00fchegi teise isiku suhtes, kelle suhtes tal ei ole \u00f5igust seda kasutada.&nbsp;<\/p>\n\n\n\n<p>4.3. Teenuseosutaja ei anna Teenusega seoses otseseid ega kaudseid garantiisid.&nbsp;<\/p>\n\n\n\n<h3 class=\"wp-block-heading\">5. Kliendi poolt teenuse kasutamisele eelnevad tegevused&nbsp;<\/h3>\n\n\n\n<p>5.1. Klient edastab Teenusepakkuja poolt Kliendile saadetud vormil p\u00f5hjal T\u00f6\u00f6tajate andmed.&nbsp;<\/p>\n\n\n\n<p>5.2. Klient rakendab vastavalt Teenusepakkuja juhistele oma e-posti serveri konfiguratsioonis erandit, mis v\u00f5imaldab Teenusepakkujal edastada \u00f5ngitsussimulatsiooni r\u00fcndeid.&nbsp;&nbsp;&nbsp;<\/p>\n\n\n\n<h3 class=\"wp-block-heading\">6. Tasumine&nbsp;<\/h3>\n\n\n\n<p>6.1. Esimesed 14 p\u00e4eva on teenus Kliendile tasuta.&nbsp;<\/p>\n\n\n\n<p>6.2. Klient maksab tasu vastavalt Hinnakirjas s\u00e4testatule.&nbsp;<\/p>\n\n\n\n<p>6.3. Klient liitub vastavalt Igakuise v\u00f5i Iga-aastase hinnapaketiga. Klient j\u00e4tkab p\u00e4rast tasuta kasutamise perioodi l\u00f5ppemist Igakuise hinnapaketiga, kui ta ei ole teavitanud Teenusepakkujat soovist j\u00e4tkata Aastase hinnapaketiga.&nbsp;<\/p>\n\n\n\n<p>6.4. Juhul kui Klient kasutab Igakuise hinnapaketiga teenust \u00fches kuus osaliselt, maksab ta tasu proportsionaalselt kasutatud kalendrip\u00e4evade eest.&nbsp;&nbsp;<\/p>\n\n\n\n<p>6.5. Hinnakirjas s\u00e4testatud hinnale lisandub k\u00e4ibemaks.&nbsp;&nbsp;<\/p>\n\n\n\n<p>6.6. Teenusepakkuja esitab arved Kliendi poolt m\u00e4\u00e4ratud Arve saatmise aadressile.&nbsp;&nbsp;<\/p>\n\n\n\n<p>6.7. Klient maksab Teenuse kasutamise eest Teenusepakkuja poolt esitatud arve alusel.&nbsp;&nbsp;<\/p>\n\n\n\n<p>6.8. Igakuise hinnapaketi puhul esitab Teenusepakkuja Kliendile arve Teenuse kasutamisele j\u00e4rgneva kuu 5. kuup\u00e4eval.&nbsp;&nbsp;<\/p>\n\n\n\n<p>6.9. Iga-aastase hinnapaketi puhul esitab Teenusepakkuja arve 7 p\u00e4eva jooksul p\u00e4rast Kliendilepinguga n\u00f5ustumist v\u00f5i p\u00e4rast aastase perioodi t\u00e4itumist.\u00a0\u00a0<\/p>\n\n\n\n<p>6.10. Klient tasub arve 7 p\u00e4eva jooksul p\u00e4rast arve saamist.\u00a0\u00a0<\/p>\n\n\n\n<p>6.11. Kui Klient ei tasu arvet makset\u00e4htaja jooksul v\u00f5ib Teenusepakkuja peatada Teenuse osutamise Kliendile, n\u00f5uda Kliendilt viivist 0,05% \u00f5igeaegselt tasumata summalt p\u00e4evas ning sissen\u00f5udmiskulude maksmist.&nbsp;<\/p>\n\n\n\n<h3 class=\"wp-block-heading\">7. Klienditugi&nbsp;<\/h3>\n\n\n\n<p>7.1. Klienditugi on k\u00e4ttesaadav t\u00f6\u00f6p\u00e4eviti ajavahemikul 09:00-17:00.&nbsp;<\/p>\n\n\n\n<p>7.2. Klienditoe telefoninumber on +372 5384 8276.&nbsp;<\/p>\n\n\n\n<p>7.3. E-kirja teel vastame klienditoe k\u00fcsimustele \u00fche t\u00f6\u00f6p\u00e4eva jooksul.&nbsp;<\/p>\n\n\n\n<p>7.4. Klienditoe e-posti aadress on <a href=\"mailto:help@phishbite.com\" target=\"_blank\" rel=\"noreferrer noopener\">help@phishbite.com<\/a>.&nbsp;<\/p>\n\n\n\n<p>7.5. Kliendil on v\u00f5imalik T\u00f6\u00f6tajate andmeid muuta v\u00f5i T\u00f6\u00f6tajaid lisada kirjutades klienditoe e-posti aadressile.&nbsp;&nbsp;<\/p>\n\n\n\n<p>7.6. Ainult Kliendi poolt m\u00e4\u00e4ratud Kliendi Kontaktisikud saavad Klienditoe poole p\u00f6\u00f6rduda ja T\u00f6\u00f6tajate andmeid muuta v\u00f5i T\u00f6\u00f6tajaid lisada.&nbsp;<\/p>\n\n\n\n<h3 class=\"wp-block-heading\">8. Vastutuse piiramine&nbsp;<\/h3>\n\n\n\n<p>8.1. Teenusepakkuja ei vastuta kahju eest, mis \u00fcletab Kliendi poolt makstavat 3 kuu tasu.&nbsp;&nbsp;<\/p>\n\n\n\n<p>8.2. Teenusepakkuja ei vastuta mistahes otsese v\u00f5i kaudse kahju eest, mis on tekkinud seoses Teenuse kasutamisega.&nbsp;<\/p>\n\n\n\n<h3 class=\"wp-block-heading\">9. Lepingu muutmine&nbsp;&nbsp;<\/h3>\n\n\n\n<p>9.1. Teenusepakkuja v\u00f5ib \u00fchepoolselt k\u00e4esolevaid tingimusi, sealhulgas Hinnakirja muuta, teavitades Klienti sellest e-kirja teel v\u00e4hemalt 30 p\u00e4eva ette.&nbsp;<\/p>\n\n\n\n<p>9.2. Kui Klient ei n\u00f5ustu Kliendilepingu muutmisega on Kliendil \u00f5igus leping \u00fcles \u00f6elda.&nbsp;<\/p>\n\n\n\n<h3 class=\"wp-block-heading\">10. Kliendilepingu kehtivus ja l\u00f5petamine&nbsp;<\/h3>\n\n\n\n<p>10.1. Kliendileping j\u00f5ustub Kliendi poolt k\u00e4esoleva n\u00f5ustumise andmisega.&nbsp;&nbsp;<\/p>\n\n\n\n<p>10.2. Pooled v\u00f5ivad lepingu s\u00f5lmida t\u00e4htajatult Igakuise hinnapaketi alusel v\u00f5i t\u00e4htajalise lepingu \u00fcheks aastaks vastavalt Hinnakirjas s\u00e4testatud Aastasele hinnapaketile.&nbsp;&nbsp;<\/p>\n\n\n\n<p>10.3. Igakuise hinnapaketiga liitunud Kliendil on \u00f5igus Kliendileping igal ajal l\u00f5petada teatades Teenusepakkujale sellest v\u00e4hemalt 1 n\u00e4dal ette.&nbsp;<\/p>\n\n\n\n<p>10.4. T\u00e4htajalise hinnapaketi ennet\u00e4htaegsel l\u00f5petamisel ei kuulu makstud tasu tagastamisele v\u00e4lja arvatud juhul, kui lepingu ennet\u00e4htaegne l\u00f5petamine on tingitud Teenusepakkuja poolsest lepingu rikkumisest.&nbsp;&nbsp;<\/p>\n\n\n\n<p>10.5. Kui Klient ei ole 14 p\u00e4eva enne T\u00e4htajalise lepingu l\u00f5ppemist teavitanud Teenusepakkujat soovist teenuse kasutamist l\u00f5petada, pikeneb leping automaatselt \u00fche aasta v\u00f5rra.&nbsp;<\/p>\n\n\n\n<h3 class=\"wp-block-heading\">11. Konfidentsiaalsuskohustus&nbsp;<\/h3>\n\n\n\n<p>11.1. Pooled kohustavad hoidma saladuses teise poole poolt edastatud teavet. Muu hulgas teise Poole ja tema klientide, \u00e4ripartnerite, t\u00f6\u00f6tajate, finantsmajandusliku seisundi v\u00f5i tehingute kohta, mis sai teatavaks seoses lepingu s\u00f5lmimise, t\u00e4itmise, muutmise v\u00f5i l\u00f5petamisega ning mitte avaldama sellist informatsiooni kolmandatele isikutele ilma teise Poole kirjaliku n\u00f5usolekuta ka p\u00e4rast lepingu l\u00f5ppemist t\u00e4htajatult&nbsp;<\/p>\n\n\n\n<p>11.2. Pooled v\u00f5ivad avalikult viidata lepingulisele suhtele teise Poolega.&nbsp;&nbsp;<\/p>\n\n\n\n<h3 class=\"wp-block-heading\">12. Intellektuaalomand&nbsp;<\/h3>\n\n\n\n<p>12.1. Teenusepakkuja s\u00e4ilitab igasugused Teenuse osutamise k\u00e4igus tekkinud intellektuaalomandi \u00f5igused.&nbsp;&nbsp;<\/p>\n\n\n\n<h3 class=\"wp-block-heading\">13. Isikuandmete t\u00f6\u00f6tlemine&nbsp;<\/h3>\n\n\n\n<p>13.1. Teenusepakkuja t\u00f6\u00f6tleb k\u00e4esoleva lepingu alusel Kliendi T\u00f6\u00f6tajate j\u00e4rgmiseid isikuandmeid:&nbsp;<\/p>\n\n\n\n<ul class=\"wp-block-list\">\n<li>nimi;<\/li>\n\n\n\n<li>e-posti aadress;<\/li>\n\n\n\n<li>ametinimetus;<\/li>\n\n\n\n<li>osakond;<\/li>\n\n\n\n<li>turvateadlikuse testide tulemused.<\/li>\n<\/ul>\n\n\n\n<p>13.2. Klient on punktis 13.1 v\u00e4lja toodud T\u00f6\u00f6taja andmete suhtes vastutav t\u00f6\u00f6tleja&nbsp;<\/p>\n\n\n\n<p>13.3. Teenusepakkuja on punktis 13.1 v\u00e4lja toodud T\u00f6\u00f6tajate andmete suhtes Kliendi T\u00f6\u00f6tajate andmete suhtes volitatud t\u00f6\u00f6tleja.&nbsp;&nbsp;<\/p>\n\n\n\n<p>13.4. Teenusepakkuja t\u00f6\u00f6tleb T\u00f6\u00f6tajate isikuandmeid, et teha \u00f5ngitsussimulatsioone Kliendi T\u00f6\u00f6tajate peal, et testida ning t\u00f5sta Kliendi T\u00f6\u00f6tajate k\u00fcberturvalisust ning anda Kliendile tagasisidet tema organisatsiooni T\u00f6\u00f6tajate k\u00fcberturvalisuse kohta.&nbsp;<\/p>\n\n\n\n<p>13.5. Teenusepakkuja v\u00f5ib Teenuse osutamisel kasutada allt\u00f6\u00f6tlejaid.&nbsp;<\/p>\n\n\n\n<h3 class=\"wp-block-heading\">14. Kohalduv \u00f5igus ja kohtualluvus&nbsp;<\/h3>\n\n\n\n<p>14.1. Kliendilepingule kohaldatakse Eesti Vabariigi \u00f5igust.&nbsp;<\/p>\n\n\n\n<p>14.2. K\u00e4esolevast lepingust tekkinud vaidlused lahendatakse l\u00e4bir\u00e4\u00e4kimiste teel. Kui Poolte vahel ei suudeta kokkulepet saavutada lahendatakse vaidlus Harju Maakohtus.&nbsp;<\/p>\n\n\n\n<h3 class=\"wp-block-heading\">Lisa1 &#8211; Hinnakiri<\/h3>\n\n\n\n<figure class=\"wp-block-table is-style-stripes\"><table><tbody><tr><td><strong>T\u00f6\u00f6tajaid&nbsp;<\/strong><\/td><td><strong>Igakuine hind&nbsp;(eurodes)<\/strong><\/td><td><strong>Aastane hind&nbsp;(eurodes)<\/strong><\/td><\/tr><tr><td>kuni 20&nbsp;<\/td><td>99&nbsp;<\/td><td>832&nbsp;<\/td><\/tr><tr><td>20 -50&nbsp;<\/td><td>149&nbsp;<\/td><td>1252&nbsp;<\/td><\/tr><tr><td>51-100&nbsp;<\/td><td>269&nbsp;<\/td><td>2260&nbsp;<\/td><\/tr><tr><td>101-250&nbsp;<\/td><td>499&nbsp;<\/td><td>4192&nbsp;<\/td><\/tr><tr><td>250-500&nbsp;<\/td><td>899&nbsp;<\/td><td>7552&nbsp;<\/td><\/tr><tr><td>500-1000&nbsp;<\/td><td>1490&nbsp;<\/td><td>12516&nbsp;<\/td><\/tr><tr><td>1000+&nbsp;<\/td><td>1890&nbsp;<\/td><td>15876&nbsp;<\/td><\/tr><\/tbody><\/table><\/figure>\n","protected":false},"excerpt":{"rendered":"<p>Viimati uuendatud: Aprill 02, 2024<\/p>\n","protected":false},"author":3,"featured_media":0,"parent":0,"menu_order":0,"comment_status":"closed","ping_status":"closed","template":"","meta":{"footnotes":""},"class_list":["post-546","page","type-page","status-publish","hentry"],"yoast_head":"<!-- This site is optimized with the Yoast SEO plugin v27.3 - https:\/\/yoast.com\/product\/yoast-seo-wordpress\/ -->\n<title>Teenuse kasutamise \u00fcldtingimused - Phishbite<\/title>\n<meta name=\"robots\" content=\"index, follow, max-snippet:-1, max-image-preview:large, max-video-preview:-1\" \/>\n<link rel=\"canonical\" href=\"https:\/\/phishbite.com\/et\/teenuse-kasutamise-tingimused\/\" \/>\n<meta property=\"og:locale\" content=\"et_EE\" \/>\n<meta property=\"og:type\" content=\"article\" \/>\n<meta property=\"og:title\" content=\"Teenuse kasutamise \u00fcldtingimused - Phishbite\" \/>\n<meta property=\"og:description\" content=\"Viimati uuendatud: Aprill 02, 2024\" \/>\n<meta property=\"og:url\" content=\"https:\/\/phishbite.com\/et\/teenuse-kasutamise-tingimused\/\" \/>\n<meta property=\"og:site_name\" content=\"Phishbite\" \/>\n<meta property=\"article:modified_time\" content=\"2024-04-30T09:31:18+00:00\" \/>\n<meta property=\"og:image\" content=\"https:\/\/phishbite.com\/wp-content\/uploads\/2024\/04\/phishbite-site-image.jpg\" \/>\n\t<meta property=\"og:image:width\" content=\"1200\" \/>\n\t<meta property=\"og:image:height\" content=\"675\" \/>\n\t<meta property=\"og:image:type\" content=\"image\/jpeg\" \/>\n<meta name=\"twitter:card\" content=\"summary_large_image\" \/>\n<meta name=\"twitter:label1\" content=\"Est. reading time\" \/>\n\t<meta name=\"twitter:data1\" content=\"4 minutit\" \/>\n<script type=\"application\/ld+json\" class=\"yoast-schema-graph\">{\"@context\":\"https:\\\/\\\/schema.org\",\"@graph\":[{\"@type\":\"WebPage\",\"@id\":\"https:\\\/\\\/phishbite.com\\\/et\\\/teenuse-kasutamise-tingimused\\\/\",\"url\":\"https:\\\/\\\/phishbite.com\\\/et\\\/teenuse-kasutamise-tingimused\\\/\",\"name\":\"Teenuse kasutamise \u00fcldtingimused - Phishbite\",\"isPartOf\":{\"@id\":\"https:\\\/\\\/phishbite.com\\\/et\\\/#website\"},\"datePublished\":\"2024-03-31T05:06:26+00:00\",\"dateModified\":\"2024-04-30T09:31:18+00:00\",\"breadcrumb\":{\"@id\":\"https:\\\/\\\/phishbite.com\\\/et\\\/teenuse-kasutamise-tingimused\\\/#breadcrumb\"},\"inLanguage\":\"et\",\"potentialAction\":[{\"@type\":\"ReadAction\",\"target\":[\"https:\\\/\\\/phishbite.com\\\/et\\\/teenuse-kasutamise-tingimused\\\/\"]}]},{\"@type\":\"BreadcrumbList\",\"@id\":\"https:\\\/\\\/phishbite.com\\\/et\\\/teenuse-kasutamise-tingimused\\\/#breadcrumb\",\"itemListElement\":[{\"@type\":\"ListItem\",\"position\":1,\"name\":\"Home\",\"item\":\"https:\\\/\\\/phishbite.com\\\/et\\\/\"},{\"@type\":\"ListItem\",\"position\":2,\"name\":\"Teenuse kasutamise \u00fcldtingimused\"}]},{\"@type\":\"WebSite\",\"@id\":\"https:\\\/\\\/phishbite.com\\\/et\\\/#website\",\"url\":\"https:\\\/\\\/phishbite.com\\\/et\\\/\",\"name\":\"Phishbite\",\"description\":\"\",\"potentialAction\":[{\"@type\":\"SearchAction\",\"target\":{\"@type\":\"EntryPoint\",\"urlTemplate\":\"https:\\\/\\\/phishbite.com\\\/et\\\/?s={search_term_string}\"},\"query-input\":{\"@type\":\"PropertyValueSpecification\",\"valueRequired\":true,\"valueName\":\"search_term_string\"}}],\"inLanguage\":\"et\"}]}<\/script>\n<!-- \/ Yoast SEO plugin. -->","yoast_head_json":{"title":"Teenuse kasutamise \u00fcldtingimused - Phishbite","robots":{"index":"index","follow":"follow","max-snippet":"max-snippet:-1","max-image-preview":"max-image-preview:large","max-video-preview":"max-video-preview:-1"},"canonical":"https:\/\/phishbite.com\/et\/teenuse-kasutamise-tingimused\/","og_locale":"et_EE","og_type":"article","og_title":"Teenuse kasutamise \u00fcldtingimused - Phishbite","og_description":"Viimati uuendatud: Aprill 02, 2024","og_url":"https:\/\/phishbite.com\/et\/teenuse-kasutamise-tingimused\/","og_site_name":"Phishbite","article_modified_time":"2024-04-30T09:31:18+00:00","og_image":[{"width":1200,"height":675,"url":"https:\/\/phishbite.com\/wp-content\/uploads\/2024\/04\/phishbite-site-image.jpg","type":"image\/jpeg"}],"twitter_card":"summary_large_image","twitter_misc":{"Est. reading time":"4 minutit"},"schema":{"@context":"https:\/\/schema.org","@graph":[{"@type":"WebPage","@id":"https:\/\/phishbite.com\/et\/teenuse-kasutamise-tingimused\/","url":"https:\/\/phishbite.com\/et\/teenuse-kasutamise-tingimused\/","name":"Teenuse kasutamise \u00fcldtingimused - Phishbite","isPartOf":{"@id":"https:\/\/phishbite.com\/et\/#website"},"datePublished":"2024-03-31T05:06:26+00:00","dateModified":"2024-04-30T09:31:18+00:00","breadcrumb":{"@id":"https:\/\/phishbite.com\/et\/teenuse-kasutamise-tingimused\/#breadcrumb"},"inLanguage":"et","potentialAction":[{"@type":"ReadAction","target":["https:\/\/phishbite.com\/et\/teenuse-kasutamise-tingimused\/"]}]},{"@type":"BreadcrumbList","@id":"https:\/\/phishbite.com\/et\/teenuse-kasutamise-tingimused\/#breadcrumb","itemListElement":[{"@type":"ListItem","position":1,"name":"Home","item":"https:\/\/phishbite.com\/et\/"},{"@type":"ListItem","position":2,"name":"Teenuse kasutamise \u00fcldtingimused"}]},{"@type":"WebSite","@id":"https:\/\/phishbite.com\/et\/#website","url":"https:\/\/phishbite.com\/et\/","name":"Phishbite","description":"","potentialAction":[{"@type":"SearchAction","target":{"@type":"EntryPoint","urlTemplate":"https:\/\/phishbite.com\/et\/?s={search_term_string}"},"query-input":{"@type":"PropertyValueSpecification","valueRequired":true,"valueName":"search_term_string"}}],"inLanguage":"et"}]}},"_links":{"self":[{"href":"https:\/\/phishbite.com\/et\/wp-json\/wp\/v2\/pages\/546","targetHints":{"allow":["GET"]}}],"collection":[{"href":"https:\/\/phishbite.com\/et\/wp-json\/wp\/v2\/pages"}],"about":[{"href":"https:\/\/phishbite.com\/et\/wp-json\/wp\/v2\/types\/page"}],"author":[{"embeddable":true,"href":"https:\/\/phishbite.com\/et\/wp-json\/wp\/v2\/users\/3"}],"replies":[{"embeddable":true,"href":"https:\/\/phishbite.com\/et\/wp-json\/wp\/v2\/comments?post=546"}],"version-history":[{"count":4,"href":"https:\/\/phishbite.com\/et\/wp-json\/wp\/v2\/pages\/546\/revisions"}],"predecessor-version":[{"id":761,"href":"https:\/\/phishbite.com\/et\/wp-json\/wp\/v2\/pages\/546\/revisions\/761"}],"wp:attachment":[{"href":"https:\/\/phishbite.com\/et\/wp-json\/wp\/v2\/media?parent=546"}],"curies":[{"name":"wp","href":"https:\/\/api.w.org\/{rel}","templated":true}]}}